{"id":459,"date":"2026-02-02T18:13:54","date_gmt":"2026-02-02T16:13:54","guid":{"rendered":"https:\/\/ottos.vlab.fi\/juomakauppa\/?page_id=459"},"modified":"2026-02-02T18:13:54","modified_gmt":"2026-02-02T16:13:54","slug":"freeway-cola-cherry","status":"publish","type":"page","link":"https:\/\/ottos.vlab.fi\/juomakauppa\/index.php\/freeway-cola-cherry\/","title":{"rendered":"Freeway Cola Cherry"},"content":{"rendered":"\n<div style=\"height:69px\" aria-hidden=\"true\" class=\"wp-block-spacer\"><\/div>\n\n\n\n<div class=\"wp-block-media-text is-stacked-on-mobile\" style=\"grid-template-columns:37% auto\"><figure class=\"wp-block-media-text__media\"><img loading=\"lazy\" decoding=\"async\" width=\"768\" height=\"1024\" src=\"https:\/\/ottos.vlab.fi\/juomakauppa\/wp-content\/uploads\/2026\/01\/Cherry-768x1024.jpeg\" alt=\"\" class=\"wp-image-145 size-full\" srcset=\"https:\/\/ottos.vlab.fi\/juomakauppa\/wp-content\/uploads\/2026\/01\/Cherry-768x1024.jpeg 768w, https:\/\/ottos.vlab.fi\/juomakauppa\/wp-content\/uploads\/2026\/01\/Cherry-225x300.jpeg 225w, https:\/\/ottos.vlab.fi\/juomakauppa\/wp-content\/uploads\/2026\/01\/Cherry-1152x1536.jpeg 1152w, https:\/\/ottos.vlab.fi\/juomakauppa\/wp-content\/uploads\/2026\/01\/Cherry-1536x2048.jpeg 1536w, https:\/\/ottos.vlab.fi\/juomakauppa\/wp-content\/uploads\/2026\/01\/Cherry-scaled.jpeg 1920w\" sizes=\"auto, (max-width: 768px) 100vw, 768px\" \/><\/figure><div class=\"wp-block-media-text__content\">\n<h2 class=\"wp-block-heading\">Freeway Cola Cherry 0,33l<\/h2>\n\n\n\n<p style=\"font-size:30px\">0,59\u20ac<\/p>\n\n\n\n<div class=\"wp-block-columns is-layout-flex wp-container-core-columns-is-layout-28f84493 wp-block-columns-is-layout-flex\">\n<div class=\"wp-block-column is-layout-flow wp-block-column-is-layout-flow\" style=\"flex-basis:100%\">\n<button id=\"lisaaKoriin\">Lis\u00e4\u00e4 ostoskoriin<\/button>\n\n<script>\ndocument.addEventListener(\"DOMContentLoaded\", function () {\n  document.getElementById(\"lisaaKoriin\").addEventListener(\"click\", function () {\n    \n    \/\/ Tuotteen tiedot\n    let tuote = {\n      nimi: \"Freeway Cola Cherry\",\n      hinta: 0.59\n    };\n    \n    \/\/ Haetaan olemassa oleva kori\n    let kori = JSON.parse(localStorage.getItem(\"kori\")) || [];\n    \n    \/\/ Lis\u00e4t\u00e4\u00e4n tuote koriin\n    kori.push(tuote);\n    localStorage.setItem(\"kori\", JSON.stringify(kori));\n    \n    \/\/ Ilmoitus k\u00e4ytt\u00e4j\u00e4lle\n    alert(tuote.nimi + \" lis\u00e4tty ostoskoriin!\");\n  });\n});\n<\/script>\n<\/div>\n<\/div>\n\n\n\n<div style=\"height:53px\" aria-hidden=\"true\" class=\"wp-block-spacer\"><\/div>\n\n\n\n<p>Freeway Cola Cherry hurmaa kuplivalla colalla ja pehme\u00e4ll\u00e4 kirsikan vivahteella. T\u00e4ytel\u00e4inen mutta raikas maku tekee jokaisesta kulauksesta nautinnon, joka virkist\u00e4\u00e4 ja j\u00e4\u00e4 mieleen.<\/p>\n\n\n\n<h3 class=\"wp-block-heading\">Ainesosat<\/h3>\n\n\n\n<p>Vesi, sokeri, hiilihappo, v\u00e4ri (E150d), happamuudens\u00e4\u00e4t\u00f6aine (E338), aromit , aromi (kofeiini). Makeutusaineet (asesulfaami K, sukraloosi) Sis\u00e4lt\u00e4\u00e4 kofeiinia 10mg\/100ml<\/p>\n<\/div><\/div>\n\n\n\n<div style=\"height:54px\" aria-hidden=\"true\" class=\"wp-block-spacer\"><\/div>\n\n\n\n<h3 class=\"wp-block-heading\">Ravintoarvot<\/h3>\n\n\n\n<figure class=\"wp-block-table is-style-stripes\"><table class=\"has-fixed-layout\"><thead><tr><th class=\"has-text-align-left\" data-align=\"left\">Ravintoarvot<\/th><th class=\"has-text-align-left\" data-align=\"left\">100 ml<\/th><\/tr><\/thead><tbody><tr><th class=\"has-text-align-left\" data-align=\"left\">Energia<\/th><td>5 kJ \/ 1 kcal<\/td><\/tr><tr><th class=\"has-text-align-left\" data-align=\"left\">Rasvaa<\/th><td>0 g<\/td><\/tr><tr><th class=\"has-text-align-left\" data-align=\"left\">&#8211; josta tyydyttyneit\u00e4 rasvoja<\/th><td>0 g<\/td><\/tr><tr><th class=\"has-text-align-left\" data-align=\"left\">Hiilihydraattia<\/th><td>0 g<\/td><\/tr><tr><th class=\"has-text-align-left\" data-align=\"left\">&#8211; josta sokereita<\/th><td>0 g<\/td><\/tr><tr><th class=\"has-text-align-left\" data-align=\"left\">Proteiinia<\/th><td>0 g<\/td><\/tr><tr><th class=\"has-text-align-left\" data-align=\"left\">Suola<\/th><td>0,03 g<\/td><\/tr><\/tbody><\/table><\/figure>\n\n\n\n<p><\/p>\n","protected":false},"excerpt":{"rendered":"<p>Ravintoarvot Ravintoarvot 100 ml Energia 5 kJ \/ 1 kcal Rasvaa 0 g &#8211; josta tyydyttyneit\u00e4 rasvoja 0 g Hiilihydraattia [&hellip;]<\/p>\n","protected":false},"author":1,"featured_media":0,"parent":0,"menu_order":0,"comment_status":"closed","ping_status":"closed","template":"","meta":{"_uag_custom_page_level_css":"Lis\u00e4\u00e4 ostoskoriin","site-sidebar-layout":"default","site-content-layout":"","ast-site-content-layout":"default","site-content-style":"default","site-sidebar-style":"default","ast-global-header-display":"","ast-banner-title-visibility":"","ast-main-header-display":"","ast-hfb-above-header-display":"","ast-hfb-below-header-display":"","ast-hfb-mobile-header-display":"","site-post-title":"disabled","ast-breadcrumbs-content":"","ast-featured-img":"","footer-sml-layout":"","ast-disable-related-posts":"","theme-transparent-header-meta":"","adv-header-id-meta":"","stick-header-meta":"","header-above-stick-meta":"","header-main-stick-meta":"","header-below-stick-meta":"","astra-migrate-meta-layouts":"default","ast-page-background-enabled":"default","ast-page-background-meta":{"desktop":{"background-color":"var(--ast-global-color-5)","background-image":"","background-repeat":"repeat","background-position":"center center","background-size":"auto","background-attachment":"scroll","background-type":"","background-media":"","overlay-type":"","overlay-color":"","overlay-opacity":"","overlay-gradient":""},"tablet":{"background-color":"","background-image":"","background-repeat":"repeat","background-position":"center center","background-size":"auto","background-attachment":"scroll","background-type":"","background-media":"","overlay-type":"","overlay-color":"","overlay-opacity":"","overlay-gradient":""},"mobile":{"background-color":"","background-image":"","background-repeat":"repeat","background-position":"center center","background-size":"auto","background-attachment":"scroll","background-type":"","background-media":"","overlay-type":"","overlay-color":"","overlay-opacity":"","overlay-gradient":""}},"ast-content-background-meta":{"desktop":{"background-color":"var(--ast-global-color-4)","background-image":"","background-repeat":"repeat","background-position":"center center","background-size":"auto","background-attachment":"scroll","background-type":"","background-media":"","overlay-type":"","overlay-color":"","overlay-opacity":"","overlay-gradient":""},"tablet":{"background-color":"var(--ast-global-color-4)","background-image":"","background-repeat":"repeat","background-position":"center center","background-size":"auto","background-attachment":"scroll","background-type":"","background-media":"","overlay-type":"","overlay-color":"","overlay-opacity":"","overlay-gradient":""},"mobile":{"background-color":"var(--ast-global-color-4)","background-image":"","background-repeat":"repeat","background-position":"center center","background-size":"auto","background-attachment":"scroll","background-type":"","background-media":"","overlay-type":"","overlay-color":"","overlay-opacity":"","overlay-gradient":""}},"footnotes":""},"class_list":["post-459","page","type-page","status-publish","hentry"],"uagb_featured_image_src":{"full":false,"thumbnail":false,"medium":false,"medium_large":false,"large":false,"1536x1536":false,"2048x2048":false},"uagb_author_info":{"display_name":"admin","author_link":"https:\/\/ottos.vlab.fi\/juomakauppa\/index.php\/author\/admin\/"},"uagb_comment_info":0,"uagb_excerpt":"Ravintoarvot Ravintoarvot 100 ml Energia 5 kJ \/ 1 kcal Rasvaa 0 g &#8211; josta tyydyttyneit\u00e4 rasvoja 0 g Hiilihydraattia [&hellip;]","_links":{"self":[{"href":"https:\/\/ottos.vlab.fi\/juomakauppa\/index.php\/wp-json\/wp\/v2\/pages\/459","targetHints":{"allow":["GET"]}}],"collection":[{"href":"https:\/\/ottos.vlab.fi\/juomakauppa\/index.php\/wp-json\/wp\/v2\/pages"}],"about":[{"href":"https:\/\/ottos.vlab.fi\/juomakauppa\/index.php\/wp-json\/wp\/v2\/types\/page"}],"author":[{"embeddable":true,"href":"https:\/\/ottos.vlab.fi\/juomakauppa\/index.php\/wp-json\/wp\/v2\/users\/1"}],"replies":[{"embeddable":true,"href":"https:\/\/ottos.vlab.fi\/juomakauppa\/index.php\/wp-json\/wp\/v2\/comments?post=459"}],"version-history":[{"count":2,"href":"https:\/\/ottos.vlab.fi\/juomakauppa\/index.php\/wp-json\/wp\/v2\/pages\/459\/revisions"}],"predecessor-version":[{"id":464,"href":"https:\/\/ottos.vlab.fi\/juomakauppa\/index.php\/wp-json\/wp\/v2\/pages\/459\/revisions\/464"}],"wp:attachment":[{"href":"https:\/\/ottos.vlab.fi\/juomakauppa\/index.php\/wp-json\/wp\/v2\/media?parent=459"}],"curies":[{"name":"wp","href":"https:\/\/api.w.org\/{rel}","templated":true}]}}