{"id":401,"date":"2026-02-02T17:15:30","date_gmt":"2026-02-02T15:15:30","guid":{"rendered":"https:\/\/ottos.vlab.fi\/juomakauppa\/?page_id=401"},"modified":"2026-02-02T17:17:28","modified_gmt":"2026-02-02T15:17:28","slug":"monster-monarch","status":"publish","type":"page","link":"https:\/\/ottos.vlab.fi\/juomakauppa\/index.php\/monster-monarch\/","title":{"rendered":"Monster Monarch"},"content":{"rendered":"\n<div style=\"height:69px\" aria-hidden=\"true\" class=\"wp-block-spacer\"><\/div>\n\n\n\n<div class=\"wp-block-media-text is-stacked-on-mobile\" style=\"grid-template-columns:37% auto\"><figure class=\"wp-block-media-text__media\"><img loading=\"lazy\" decoding=\"async\" width=\"768\" height=\"1024\" src=\"https:\/\/ottos.vlab.fi\/juomakauppa\/wp-content\/uploads\/2026\/01\/IMG_9140-768x1024.jpeg\" alt=\"\" class=\"wp-image-153 size-full\" srcset=\"https:\/\/ottos.vlab.fi\/juomakauppa\/wp-content\/uploads\/2026\/01\/IMG_9140-768x1024.jpeg 768w, https:\/\/ottos.vlab.fi\/juomakauppa\/wp-content\/uploads\/2026\/01\/IMG_9140-225x300.jpeg 225w, https:\/\/ottos.vlab.fi\/juomakauppa\/wp-content\/uploads\/2026\/01\/IMG_9140-1152x1536.jpeg 1152w, https:\/\/ottos.vlab.fi\/juomakauppa\/wp-content\/uploads\/2026\/01\/IMG_9140-1536x2048.jpeg 1536w, https:\/\/ottos.vlab.fi\/juomakauppa\/wp-content\/uploads\/2026\/01\/IMG_9140-scaled.jpeg 1920w\" sizes=\"auto, (max-width: 768px) 100vw, 768px\" \/><\/figure><div class=\"wp-block-media-text__content\">\n<h2 class=\"wp-block-heading\">Monster Energy Juiced Monarch 0,5l<\/h2>\n\n\n\n<p style=\"font-size:30px\"><s>2,19\u20ac<\/s> 1,86\u20ac<\/p>\n\n\n\n<div class=\"wp-block-columns is-layout-flex wp-container-core-columns-is-layout-28f84493 wp-block-columns-is-layout-flex\">\n<div class=\"wp-block-column is-layout-flow wp-block-column-is-layout-flow\" style=\"flex-basis:100%\">\n<button id=\"lisaaKoriin\">Lis\u00e4\u00e4 ostoskoriin<\/button>\n\n<script>\ndocument.addEventListener(\"DOMContentLoaded\", function () {\n  document.getElementById(\"lisaaKoriin\").addEventListener(\"click\", function () {\n    \n    \/\/ Tuotteen tiedot\n    let tuote = {\n      nimi: \"Monster Juiced Monarch\",\n      hinta: 1.86\n    };\n    \n    \/\/ Haetaan olemassa oleva kori\n    let kori = JSON.parse(localStorage.getItem(\"kori\")) || [];\n    \n    \/\/ Lis\u00e4t\u00e4\u00e4n tuote koriin\n    kori.push(tuote);\n    localStorage.setItem(\"kori\", JSON.stringify(kori));\n    \n    \/\/ Ilmoitus k\u00e4ytt\u00e4j\u00e4lle\n    alert(tuote.nimi + \" lis\u00e4tty ostoskoriin!\");\n  });\n});\n<\/script>\n<\/div>\n<\/div>\n\n\n\n<div style=\"height:53px\" aria-hidden=\"true\" class=\"wp-block-spacer\"><\/div>\n\n\n\n<p>Monarkkiperhosen mukaan nimetty Monster Juiced Monarch. Monarch on persikan ja nektariinin makuinen energiajuoma. Soveltuu vegaaneille.<\/p>\n\n\n\n<h3 class=\"wp-block-heading\">Ainesosat<\/h3>\n\n\n\n<p>hiilihappopitoinen vesi, sokeri, hedelm\u00e4mehut tiivisteest\u00e4 (5%) (omena, persikka, p\u00e4\u00e4ryn\u00e4, ananas, nektariini, mango, banaani), glukoosisiirappi, happo (sitruunahappo), tauriini (0,4%), happamuudens\u00e4\u00e4t\u00f6aine (natriumsitraatit), aromit, maltodekstriini, s\u00e4il\u00f6nt\u00e4aine (kaliumsorbaatti), kofeiini (0,03%), kasvi\u00f6ljyt (kookosp\u00e4hkin\u00e4, rapsinsiemenet), muunnettu t\u00e4rkkelys, makeutusaine (sukraloosi), vitamiinit (niasiini, B6, riboflaviini, B12), L-karnitiini-L-tartraatti (0,004%), natriumkloridi, inositoli, v\u00e4ri (karotenoidit).<\/p>\n<\/div><\/div>\n\n\n\n<div style=\"height:54px\" aria-hidden=\"true\" class=\"wp-block-spacer\"><\/div>\n\n\n\n<h3 class=\"wp-block-heading\">Ravintoarvot<\/h3>\n\n\n\n<figure class=\"wp-block-table is-style-stripes\"><table class=\"has-fixed-layout\"><tbody><tr><td class=\"has-text-align-left\" data-align=\"left\">Ravintosis\u00e4lt\u00f6<\/td><td class=\"has-text-align-left\" data-align=\"left\">Per 100 ml<\/td><td class=\"has-text-align-left\" data-align=\"left\">Per 500 ml<\/td><\/tr><tr><td class=\"has-text-align-left\" data-align=\"left\">Energiaa<\/td><td class=\"has-text-align-left\" data-align=\"left\">10 kJ<\/td><td class=\"has-text-align-left\" data-align=\"left\">50 kJ<\/td><\/tr><tr><td class=\"has-text-align-left\" data-align=\"left\">Hiilihydraatteja<\/td><td class=\"has-text-align-left\" data-align=\"left\">0,9 g<\/td><td class=\"has-text-align-left\" data-align=\"left\">4,4 (2%)<\/td><\/tr><tr><td class=\"has-text-align-left\" data-align=\"left\">josta sokereita<\/td><td class=\"has-text-align-left\" data-align=\"left\">0g<\/td><td class=\"has-text-align-left\" data-align=\"left\">0g (0%)<\/td><\/tr><tr><td class=\"has-text-align-left\" data-align=\"left\">Suolaa<\/td><td class=\"has-text-align-left\" data-align=\"left\">0,20 g<\/td><td class=\"has-text-align-left\" data-align=\"left\">1 g (17%)<\/td><\/tr><tr><td class=\"has-text-align-left\" data-align=\"left\">Niasiini (B3)<\/td><td class=\"has-text-align-left\" data-align=\"left\">8,5mg (53%)<\/td><td class=\"has-text-align-left\" data-align=\"left\">43mg (266%)<\/td><\/tr><tr><td class=\"has-text-align-left\" data-align=\"left\">Pantoteenihappo (B5)<\/td><td class=\"has-text-align-left\" data-align=\"left\">4,2 mg (70%)<\/td><td class=\"has-text-align-left\" data-align=\"left\">21 mg (350%)<\/td><\/tr><tr><td class=\"has-text-align-left\" data-align=\"left\">B6-vitamiini<\/td><td class=\"has-text-align-left\" data-align=\"left\">0,8mg (57%)<\/td><td class=\"has-text-align-left\" data-align=\"left\">4,0mg (286%)<\/td><\/tr><tr><td class=\"has-text-align-left\" data-align=\"left\">B12-vitamiini<\/td><td class=\"has-text-align-left\" data-align=\"left\">2,5\u00b5g (100%)<\/td><td class=\"has-text-align-left\" data-align=\"left\">13\u00b5g (500%)<\/td><\/tr><\/tbody><\/table><\/figure>\n","protected":false},"excerpt":{"rendered":"<p>Ravintoarvot Ravintosis\u00e4lt\u00f6 Per 100 ml Per 500 ml Energiaa 10 kJ 50 kJ Hiilihydraatteja 0,9 g 4,4 (2%) josta sokereita [&hellip;]<\/p>\n","protected":false},"author":1,"featured_media":0,"parent":0,"menu_order":0,"comment_status":"closed","ping_status":"closed","template":"","meta":{"_uag_custom_page_level_css":"Lis\u00e4\u00e4 ostoskoriin","site-sidebar-layout":"default","site-content-layout":"","ast-site-content-layout":"default","site-content-style":"default","site-sidebar-style":"default","ast-global-header-display":"","ast-banner-title-visibility":"","ast-main-header-display":"","ast-hfb-above-header-display":"","ast-hfb-below-header-display":"","ast-hfb-mobile-header-display":"","site-post-title":"disabled","ast-breadcrumbs-content":"","ast-featured-img":"","footer-sml-layout":"","ast-disable-related-posts":"","theme-transparent-header-meta":"","adv-header-id-meta":"","stick-header-meta":"","header-above-stick-meta":"","header-main-stick-meta":"","header-below-stick-meta":"","astra-migrate-meta-layouts":"default","ast-page-background-enabled":"default","ast-page-background-meta":{"desktop":{"background-color":"var(--ast-global-color-5)","background-image":"","background-repeat":"repeat","background-position":"center center","background-size":"auto","background-attachment":"scroll","background-type":"","background-media":"","overlay-type":"","overlay-color":"","overlay-opacity":"","overlay-gradient":""},"tablet":{"background-color":"","background-image":"","background-repeat":"repeat","background-position":"center center","background-size":"auto","background-attachment":"scroll","background-type":"","background-media":"","overlay-type":"","overlay-color":"","overlay-opacity":"","overlay-gradient":""},"mobile":{"background-color":"","background-image":"","background-repeat":"repeat","background-position":"center center","background-size":"auto","background-attachment":"scroll","background-type":"","background-media":"","overlay-type":"","overlay-color":"","overlay-opacity":"","overlay-gradient":""}},"ast-content-background-meta":{"desktop":{"background-color":"var(--ast-global-color-4)","background-image":"","background-repeat":"repeat","background-position":"center center","background-size":"auto","background-attachment":"scroll","background-type":"","background-media":"","overlay-type":"","overlay-color":"","overlay-opacity":"","overlay-gradient":""},"tablet":{"background-color":"var(--ast-global-color-4)","background-image":"","background-repeat":"repeat","background-position":"center center","background-size":"auto","background-attachment":"scroll","background-type":"","background-media":"","overlay-type":"","overlay-color":"","overlay-opacity":"","overlay-gradient":""},"mobile":{"background-color":"var(--ast-global-color-4)","background-image":"","background-repeat":"repeat","background-position":"center center","background-size":"auto","background-attachment":"scroll","background-type":"","background-media":"","overlay-type":"","overlay-color":"","overlay-opacity":"","overlay-gradient":""}},"footnotes":""},"class_list":["post-401","page","type-page","status-publish","hentry"],"uagb_featured_image_src":{"full":false,"thumbnail":false,"medium":false,"medium_large":false,"large":false,"1536x1536":false,"2048x2048":false},"uagb_author_info":{"display_name":"admin","author_link":"https:\/\/ottos.vlab.fi\/juomakauppa\/index.php\/author\/admin\/"},"uagb_comment_info":0,"uagb_excerpt":"Ravintoarvot Ravintosis\u00e4lt\u00f6 Per 100 ml Per 500 ml Energiaa 10 kJ 50 kJ Hiilihydraatteja 0,9 g 4,4 (2%) josta sokereita [&hellip;]","_links":{"self":[{"href":"https:\/\/ottos.vlab.fi\/juomakauppa\/index.php\/wp-json\/wp\/v2\/pages\/401","targetHints":{"allow":["GET"]}}],"collection":[{"href":"https:\/\/ottos.vlab.fi\/juomakauppa\/index.php\/wp-json\/wp\/v2\/pages"}],"about":[{"href":"https:\/\/ottos.vlab.fi\/juomakauppa\/index.php\/wp-json\/wp\/v2\/types\/page"}],"author":[{"embeddable":true,"href":"https:\/\/ottos.vlab.fi\/juomakauppa\/index.php\/wp-json\/wp\/v2\/users\/1"}],"replies":[{"embeddable":true,"href":"https:\/\/ottos.vlab.fi\/juomakauppa\/index.php\/wp-json\/wp\/v2\/comments?post=401"}],"version-history":[{"count":3,"href":"https:\/\/ottos.vlab.fi\/juomakauppa\/index.php\/wp-json\/wp\/v2\/pages\/401\/revisions"}],"predecessor-version":[{"id":424,"href":"https:\/\/ottos.vlab.fi\/juomakauppa\/index.php\/wp-json\/wp\/v2\/pages\/401\/revisions\/424"}],"wp:attachment":[{"href":"https:\/\/ottos.vlab.fi\/juomakauppa\/index.php\/wp-json\/wp\/v2\/media?parent=401"}],"curies":[{"name":"wp","href":"https:\/\/api.w.org\/{rel}","templated":true}]}}