{"id":391,"date":"2026-02-02T16:56:34","date_gmt":"2026-02-02T14:56:34","guid":{"rendered":"https:\/\/ottos.vlab.fi\/juomakauppa\/?page_id=391"},"modified":"2026-02-02T18:04:34","modified_gmt":"2026-02-02T16:04:34","slug":"nocco","status":"publish","type":"page","link":"https:\/\/ottos.vlab.fi\/juomakauppa\/index.php\/nocco\/","title":{"rendered":"NOCCO Grand Sour"},"content":{"rendered":"\n<div style=\"height:69px\" aria-hidden=\"true\" class=\"wp-block-spacer\"><\/div>\n\n\n\n<div class=\"wp-block-media-text is-stacked-on-mobile\" style=\"grid-template-columns:37% auto\"><figure class=\"wp-block-media-text__media\"><img loading=\"lazy\" decoding=\"async\" width=\"768\" height=\"1024\" src=\"https:\/\/ottos.vlab.fi\/juomakauppa\/wp-content\/uploads\/2026\/01\/IMG_9137-768x1024.jpeg\" alt=\"\" class=\"wp-image-151 size-full\" srcset=\"https:\/\/ottos.vlab.fi\/juomakauppa\/wp-content\/uploads\/2026\/01\/IMG_9137-768x1024.jpeg 768w, https:\/\/ottos.vlab.fi\/juomakauppa\/wp-content\/uploads\/2026\/01\/IMG_9137-225x300.jpeg 225w, https:\/\/ottos.vlab.fi\/juomakauppa\/wp-content\/uploads\/2026\/01\/IMG_9137-1152x1536.jpeg 1152w, https:\/\/ottos.vlab.fi\/juomakauppa\/wp-content\/uploads\/2026\/01\/IMG_9137-1536x2048.jpeg 1536w, https:\/\/ottos.vlab.fi\/juomakauppa\/wp-content\/uploads\/2026\/01\/IMG_9137-scaled.jpeg 1920w\" sizes=\"auto, (max-width: 768px) 100vw, 768px\" \/><\/figure><div class=\"wp-block-media-text__content\">\n<h2 class=\"wp-block-heading\">Nocco Focus Grand Sour 0,33l<\/h2>\n\n\n\n<p style=\"font-size:30px\"><s>2,79\u20ac<\/s> 2,37\u20ac<\/p>\n\n\n\n<div class=\"wp-block-columns is-layout-flex wp-container-core-columns-is-layout-28f84493 wp-block-columns-is-layout-flex\">\n<div class=\"wp-block-column is-layout-flow wp-block-column-is-layout-flow\" style=\"flex-basis:100%\">\n<button id=\"lisaaKoriin\">Lis\u00e4\u00e4 ostoskoriin<\/button>\n\n<script>\ndocument.addEventListener(\"DOMContentLoaded\", function () {\n  document.getElementById(\"lisaaKoriin\").addEventListener(\"click\", function () {\n    \n    \/\/ Tuotteen tiedot\n    let tuote = {\n      nimi: \"Nocco Grand Sour\",\n      hinta: 2.37\n    };\n    \n    \/\/ Haetaan olemassa oleva kori\n    let kori = JSON.parse(localStorage.getItem(\"kori\")) || [];\n    \n    \/\/ Lis\u00e4t\u00e4\u00e4n tuote koriin\n    kori.push(tuote);\n    localStorage.setItem(\"kori\", JSON.stringify(kori));\n    \n    \/\/ Ilmoitus k\u00e4ytt\u00e4j\u00e4lle\n    alert(tuote.nimi + \" lis\u00e4tty ostoskoriin!\");\n  });\n});\n<\/script>\n<\/div>\n<\/div>\n\n\n\n<div style=\"height:53px\" aria-hidden=\"true\" class=\"wp-block-spacer\"><\/div>\n\n\n\n<p>NOCCO Focus Grand Sour yhdist\u00e4\u00e4 raikkaasti sitruunan ja seljankukan maut, joita t\u00e4ydent\u00e4\u00e4 kevyt vivahde omenaa. Juoma on sokeriton ja sis\u00e4lt\u00e4\u00e4 180 mg kofeiinia sek\u00e4 vitamiineja ja vihre\u00e4n teen uutetta. Se sopii nautittavaksi silloin, kun tarvitaan lis\u00e4potkua keskittymiseen ja vireyteen. NOCCO Grand Sour on t\u00e4ydellinen valinta niille, jotka haluavat ottaa vuodesta 2026 kaiken irti.<\/p>\n\n\n\n<h3 class=\"wp-block-heading\">Ainesosat<\/h3>\n\n\n\n<p>Hiilihapotettu vesi, kofeiini, vihre\u00e4teeuute, vitamiinit (niasiini, B6, foolihappo, biotiini, B12), happamuudens\u00e4\u00e4t\u00f6aine (sitruunahappo), aromit, makeutusaine (sukraloosi), s\u00e4il\u00f6nt\u00e4aineet (kaliumsorbaatti, natriumbentsoaatti), v\u00e4ri (betakaroteeni).<\/p>\n<\/div><\/div>\n\n\n\n<div style=\"height:54px\" aria-hidden=\"true\" class=\"wp-block-spacer\"><\/div>\n\n\n\n<h3 class=\"wp-block-heading\">Ravintoarvot<\/h3>\n\n\n\n<figure class=\"wp-block-table is-style-stripes\"><table class=\"has-fixed-layout\"><tbody><tr><td class=\"has-text-align-left\" data-align=\"left\">Energia\/Energi<\/td><td class=\"has-text-align-right\" data-align=\"right\">5 kJ \/ 1 kcal<\/td><\/tr><tr><td class=\"has-text-align-left\" data-align=\"left\">Rasva\/Fett,<\/td><td class=\"has-text-align-right\" data-align=\"right\">0 g<\/td><\/tr><tr><td class=\"has-text-align-left\" data-align=\"left\">&nbsp;&nbsp;josta tyydyttynytt\u00e4\/varav m\u00e4ttat fett<\/td><td class=\"has-text-align-right\" data-align=\"right\">0 g<\/td><\/tr><tr><td class=\"has-text-align-left\" data-align=\"left\">Hiilihydraatit\/Kolhydrat,<\/td><td class=\"has-text-align-right\" data-align=\"right\">0 g<\/td><\/tr><tr><td class=\"has-text-align-left\" data-align=\"left\">&nbsp;&nbsp;josta sokereita\/varav sockerarter<\/td><td class=\"has-text-align-right\" data-align=\"right\">0 g<\/td><\/tr><tr><td class=\"has-text-align-left\" data-align=\"left\">Proteiini\/Protein<\/td><td class=\"has-text-align-right\" data-align=\"right\">0 g<\/td><\/tr><tr><td class=\"has-text-align-left\" data-align=\"left\">Suola\/Salt<\/td><td class=\"has-text-align-right\" data-align=\"right\">0 g<\/td><\/tr><tr><td class=\"has-text-align-left\" data-align=\"left\">B6-vitamiini\/Vitamin B6<\/td><td class=\"has-text-align-right\" data-align=\"right\">0.42 mg<\/td><\/tr><tr><td class=\"has-text-align-left\" data-align=\"left\">B12-vitamiini\/Vitamin B12<\/td><td class=\"has-text-align-right\" data-align=\"right\">0.76 \u03bcg<\/td><\/tr><tr><td class=\"has-text-align-left\" data-align=\"left\">Biotiini\/Biotin<\/td><td class=\"has-text-align-right\" data-align=\"right\">15 \u03bcg<\/td><\/tr><tr><td class=\"has-text-align-left\" data-align=\"left\">Foolihappo\/Folsyra<\/td><td class=\"has-text-align-right\" data-align=\"right\">30 \u03bcg<\/td><\/tr><tr><td class=\"has-text-align-left\" data-align=\"left\">Niasiini\/Niacin<\/td><td class=\"has-text-align-right\" data-align=\"right\">3.9 mg<\/td><\/tr><\/tbody><\/table><\/figure>\n","protected":false},"excerpt":{"rendered":"<p>Ravintoarvot Energia\/Energi 5 kJ \/ 1 kcal Rasva\/Fett, 0 g &nbsp;&nbsp;josta tyydyttynytt\u00e4\/varav m\u00e4ttat fett 0 g Hiilihydraatit\/Kolhydrat, 0 g &nbsp;&nbsp;josta [&hellip;]<\/p>\n","protected":false},"author":1,"featured_media":0,"parent":0,"menu_order":0,"comment_status":"closed","ping_status":"closed","template":"","meta":{"_uag_custom_page_level_css":"Lis\u00e4\u00e4 ostoskoriin","site-sidebar-layout":"default","site-content-layout":"","ast-site-content-layout":"default","site-content-style":"default","site-sidebar-style":"default","ast-global-header-display":"","ast-banner-title-visibility":"","ast-main-header-display":"","ast-hfb-above-header-display":"","ast-hfb-below-header-display":"","ast-hfb-mobile-header-display":"","site-post-title":"disabled","ast-breadcrumbs-content":"","ast-featured-img":"","footer-sml-layout":"","ast-disable-related-posts":"","theme-transparent-header-meta":"","adv-header-id-meta":"","stick-header-meta":"","header-above-stick-meta":"","header-main-stick-meta":"","header-below-stick-meta":"","astra-migrate-meta-layouts":"default","ast-page-background-enabled":"default","ast-page-background-meta":{"desktop":{"background-color":"var(--ast-global-color-5)","background-image":"","background-repeat":"repeat","background-position":"center center","background-size":"auto","background-attachment":"scroll","background-type":"","background-media":"","overlay-type":"","overlay-color":"","overlay-opacity":"","overlay-gradient":""},"tablet":{"background-color":"","background-image":"","background-repeat":"repeat","background-position":"center center","background-size":"auto","background-attachment":"scroll","background-type":"","background-media":"","overlay-type":"","overlay-color":"","overlay-opacity":"","overlay-gradient":""},"mobile":{"background-color":"","background-image":"","background-repeat":"repeat","background-position":"center center","background-size":"auto","background-attachment":"scroll","background-type":"","background-media":"","overlay-type":"","overlay-color":"","overlay-opacity":"","overlay-gradient":""}},"ast-content-background-meta":{"desktop":{"background-color":"var(--ast-global-color-4)","background-image":"","background-repeat":"repeat","background-position":"center center","background-size":"auto","background-attachment":"scroll","background-type":"","background-media":"","overlay-type":"","overlay-color":"","overlay-opacity":"","overlay-gradient":""},"tablet":{"background-color":"var(--ast-global-color-4)","background-image":"","background-repeat":"repeat","background-position":"center center","background-size":"auto","background-attachment":"scroll","background-type":"","background-media":"","overlay-type":"","overlay-color":"","overlay-opacity":"","overlay-gradient":""},"mobile":{"background-color":"var(--ast-global-color-4)","background-image":"","background-repeat":"repeat","background-position":"center center","background-size":"auto","background-attachment":"scroll","background-type":"","background-media":"","overlay-type":"","overlay-color":"","overlay-opacity":"","overlay-gradient":""}},"footnotes":""},"class_list":["post-391","page","type-page","status-publish","hentry"],"uagb_featured_image_src":{"full":false,"thumbnail":false,"medium":false,"medium_large":false,"large":false,"1536x1536":false,"2048x2048":false},"uagb_author_info":{"display_name":"admin","author_link":"https:\/\/ottos.vlab.fi\/juomakauppa\/index.php\/author\/admin\/"},"uagb_comment_info":0,"uagb_excerpt":"Ravintoarvot Energia\/Energi 5 kJ \/ 1 kcal Rasva\/Fett, 0 g &nbsp;&nbsp;josta tyydyttynytt\u00e4\/varav m\u00e4ttat fett 0 g Hiilihydraatit\/Kolhydrat, 0 g &nbsp;&nbsp;josta [&hellip;]","_links":{"self":[{"href":"https:\/\/ottos.vlab.fi\/juomakauppa\/index.php\/wp-json\/wp\/v2\/pages\/391","targetHints":{"allow":["GET"]}}],"collection":[{"href":"https:\/\/ottos.vlab.fi\/juomakauppa\/index.php\/wp-json\/wp\/v2\/pages"}],"about":[{"href":"https:\/\/ottos.vlab.fi\/juomakauppa\/index.php\/wp-json\/wp\/v2\/types\/page"}],"author":[{"embeddable":true,"href":"https:\/\/ottos.vlab.fi\/juomakauppa\/index.php\/wp-json\/wp\/v2\/users\/1"}],"replies":[{"embeddable":true,"href":"https:\/\/ottos.vlab.fi\/juomakauppa\/index.php\/wp-json\/wp\/v2\/comments?post=391"}],"version-history":[{"count":7,"href":"https:\/\/ottos.vlab.fi\/juomakauppa\/index.php\/wp-json\/wp\/v2\/pages\/391\/revisions"}],"predecessor-version":[{"id":455,"href":"https:\/\/ottos.vlab.fi\/juomakauppa\/index.php\/wp-json\/wp\/v2\/pages\/391\/revisions\/455"}],"wp:attachment":[{"href":"https:\/\/ottos.vlab.fi\/juomakauppa\/index.php\/wp-json\/wp\/v2\/media?parent=391"}],"curies":[{"name":"wp","href":"https:\/\/api.w.org\/{rel}","templated":true}]}}