{"id":77,"date":"2025-12-11T08:48:46","date_gmt":"2025-12-11T06:48:46","guid":{"rendered":"https:\/\/ottos.vlab.fi\/blog\/?page_id=77"},"modified":"2025-12-18T10:22:48","modified_gmt":"2025-12-18T08:22:48","slug":"perhekassi","status":"publish","type":"page","link":"https:\/\/ottos.vlab.fi\/blog\/perhekassi\/","title":{"rendered":"Perhekassi"},"content":{"rendered":"\n<div class=\"wp-block-uagb-image aligncenter uagb-block-6fbb4e06 wp-block-uagb-image--layout-default wp-block-uagb-image--effect-static wp-block-uagb-image--align-center\"><figure class=\"wp-block-uagb-image__figure\"><a class=\"\" href=\"https:\/\/ottos.vlab.fi\/blog\/\" target=\"\" rel=\"noopener\"><img decoding=\"async\" srcset=\"https:\/\/ottos.vlab.fi\/blog\/wp-content\/uploads\/2025\/11\/kassi600x830.jpg ,https:\/\/ottos.vlab.fi\/blog\/wp-content\/uploads\/2025\/11\/kassi600x830.jpg 780w, https:\/\/ottos.vlab.fi\/blog\/wp-content\/uploads\/2025\/11\/kassi600x830.jpg 360w\" sizes=\"auto, (max-width: 480px) 150px\" src=\"https:\/\/ottos.vlab.fi\/blog\/wp-content\/uploads\/2025\/11\/kassi600x830.jpg\" alt=\"\" class=\"uag-image-56\" width=\"330\" height=\"457\" title=\"kassi600x830\" loading=\"lazy\" role=\"img\"\/><\/a><\/figure><\/div>\n\n\n\n<div style=\"height:18px\" aria-hidden=\"true\" class=\"wp-block-spacer\"><\/div>\n\n\n\n<div class=\"wp-block-uagb-advanced-heading uagb-block-759fee1b\"><h3 class=\"uagb-heading-text\">Perhekassi<\/h3><\/div>\n\n\n\n<div style=\"height:38px\" aria-hidden=\"true\" class=\"wp-block-spacer\"><\/div>\n\n\n\n<div class=\"wp-block-uagb-advanced-heading uagb-block-c1453497\"><h4 class=\"uagb-heading-text\">Sis\u00e4lt\u00e4\u00e4 kaiken mit\u00e4 tarvitset jotta voisit hyvin<\/h4><\/div>\n\n\n\n<div style=\"height:48px\" aria-hidden=\"true\" class=\"wp-block-spacer\"><\/div>\n\n\n\n<div class=\"wp-block-uagb-advanced-heading uagb-block-397bbb73\"><h4 class=\"uagb-heading-text\"><a href=\"#resepti\">Resepti<\/a> maukas perheateria<\/h4><\/div>\n\n\n\n<div style=\"height:34px\" aria-hidden=\"true\" class=\"wp-block-spacer\"><\/div>\n\n\n\n<p class=\"has-ast-global-color-5-color has-ast-global-color-3-background-color has-text-color has-background has-link-color wp-elements-8b8401a7db92fdb8c3859bcdaa2e3920\">Lorem ipsum dolor sit amet, consectetur adipiscing elit. Mauris tristique sed nibh at sodales. Vestibulum ante ipsum primis in faucibus orci luctus et ultrices posuere cubilia curae; Maecenas euismod euismod euismod. Mauris sodales mollis augue, vel venenatis massa dapibus non. Etiam et facilisis lacus, eu semper dolor. Etiam at fermentum est. Nulla facilisi. Aenean vulputate neque ut suscipit volutpat. Nam fermentum ultricies magna non fringilla. Morbi aliquam sit amet mi in tempor. Nullam in sollicitudin nisi. Nunc non sapien egestas, accumsan est in, accumsan urna. Proin massa odio, maximus ut egestas ut, tempus eu ex. Phasellus in tempus lacus, ut maximus orci. In eu elit nec sem posuere imperdiet vitae non ipsum.<\/p>\n\n\n\n<p class=\"has-ast-global-color-5-color has-ast-global-color-3-background-color has-text-color has-background has-link-color has-medium-font-size wp-elements-8605904b39d7a2567dfe4c0eb4a2a5ea\">Lorem ipsum dolor sit amet, consectetur adipiscing elit. Mauris tristique sed nibh at sodales. Vestibulum ante ipsum primis in faucibus orci luctus et ultrices posuere cubilia curae; Maecenas euismod euismod euismod. Mauris sodales mollis augue, vel venenatis massa dapibus non. Etiam et facilisis lacus, eu semper dolor. Etiam at fermentum est. Nulla facilisi. Aenean vulputate neque ut suscipit volutpat. Nam fermentum ultricies magna non fringilla. Morbi aliquam sit amet mi in tempor. Nullam in sollicitudin nisi. Nunc non sapien egestas, accumsan est in, accumsan urna. Proin massa odio, maximus ut egestas ut, tempus eu ex. Phasellus in tempus lacus, ut maximus orci. In eu elit nec sem posuere imperdiet vitae non ipsum.<\/p>\n\n\n\n<div class=\"wp-block-uagb-advanced-heading uagb-block-e1c1c59e\" id=\"resepti\"><\/div>\n\n\n\n<div class=\"wp-block-columns is-layout-flex wp-container-core-columns-is-layout-28f84493 wp-block-columns-is-layout-flex\">\n<div class=\"wp-block-column is-layout-flow wp-block-column-is-layout-flow\">\n<p class=\"has-ast-global-color-5-color has-ast-global-color-3-background-color has-text-color has-background has-link-color wp-elements-b6a711d46ff6bf22f99713f9f5adfa8b\">Resepti 1<\/p>\n\n\n\n<p class=\"has-ast-global-color-5-color has-ast-global-color-3-background-color has-text-color has-background has-link-color wp-elements-311cf30b908545c0989cc7a5793324e1\">Lorem ipsum dolor sit amet, consectetur Lorem ipsumadipiscing elit. Mauris tristique sed nibh at sodales. Vestibulum ante ipsum primis in faucibus orci luctus et ultrices posuere cubilia curae; Maecenas euismod euismod euismod. Mauris sodales mollis augue, vel venenatis massa dapibus non. Etiam et facilisis lacus, eu semper dolor. Etiam at fermentum est. Nulla facilisi. Aenean vulputate neque ut suscipit volutpat. Nam fermentum ultricies magna non fringilla. Morbi aliquam sit amet mi in tempor. Nullam in sollicitudin nisi. Nunc non sapien egestas, accumsan est in, accumsan urna. Proin massa odio, maximus ut egestas ut, tempus eu ex. Phasellus in tempus lacus, ut maximus orci. In eu elit nec sem posuere imperdiet vitae non ipsum.<\/p>\n<\/div>\n\n\n\n<div class=\"wp-block-column is-layout-flow wp-block-column-is-layout-flow\">\n<p class=\"has-ast-global-color-5-color has-ast-global-color-3-background-color has-text-color has-background has-link-color wp-elements-a7fe4e473fad9c0cb0265f24c6d8073c\">Resepti 2<\/p>\n\n\n\n<p class=\"has-ast-global-color-5-color has-ast-global-color-3-background-color has-text-color has-background has-link-color wp-elements-311cf30b908545c0989cc7a5793324e1\">Lorem ipsum dolor sit amet, consectetur Lorem ipsumadipiscing elit. Mauris tristique sed nibh at sodales. Vestibulum ante ipsum primis in faucibus orci luctus et ultrices posuere cubilia curae; Maecenas euismod euismod euismod. Mauris sodales mollis augue, vel venenatis massa dapibus non. Etiam et facilisis lacus, eu semper dolor. Etiam at fermentum est. Nulla facilisi. Aenean vulputate neque ut suscipit volutpat. Nam fermentum ultricies magna non fringilla. Morbi aliquam sit amet mi in tempor. Nullam in sollicitudin nisi. Nunc non sapien egestas, accumsan est in, accumsan urna. Proin massa odio, maximus ut egestas ut, tempus eu ex. Phasellus in tempus lacus, ut maximus orci. In eu elit nec sem posuere imperdiet vitae non ipsum.<\/p>\n<\/div>\n<\/div>\n\n\n\n<p class=\"has-text-align-center\"><a href=\"https:\/\/ottos.vlab.fi\/blog\/\" data-type=\"page\" data-id=\"43\">Aloitus sivu<\/a><\/p>\n\n\n\n<p><\/p>\n","protected":false},"excerpt":{"rendered":"<p>Perhekassi Sis\u00e4lt\u00e4\u00e4 kaiken mit\u00e4 tarvitset jotta voisit hyvin Resepti maukas perheateria Lorem ipsum dolor sit amet, consectetur adipiscing elit. Mauris [&hellip;]<\/p>\n","protected":false},"author":1,"featured_media":0,"parent":0,"menu_order":0,"comment_status":"closed","ping_status":"closed","template":"","meta":{"_uag_custom_page_level_css":"","site-sidebar-layout":"right-sidebar","site-content-layout":"","ast-site-content-layout":"default","site-content-style":"default","site-sidebar-style":"default","ast-global-header-display":"","ast-banner-title-visibility":"","ast-main-header-display":"","ast-hfb-above-header-display":"","ast-hfb-below-header-display":"","ast-hfb-mobile-header-display":"","site-post-title":"disabled","ast-breadcrumbs-content":"","ast-featured-img":"","footer-sml-layout":"","ast-disable-related-posts":"","theme-transparent-header-meta":"","adv-header-id-meta":"","stick-header-meta":"","header-above-stick-meta":"","header-main-stick-meta":"","header-below-stick-meta":"","astra-migrate-meta-layouts":"default","ast-page-background-enabled":"default","ast-page-background-meta":{"desktop":{"background-color":"var(--ast-global-color-5)","background-image":"","background-repeat":"repeat","background-position":"center center","background-size":"auto","background-attachment":"scroll","background-type":"","background-media":"","overlay-type":"","overlay-color":"","overlay-opacity":"","overlay-gradient":""},"tablet":{"background-color":"","background-image":"","background-repeat":"repeat","background-position":"center center","background-size":"auto","background-attachment":"scroll","background-type":"","background-media":"","overlay-type":"","overlay-color":"","overlay-opacity":"","overlay-gradient":""},"mobile":{"background-color":"","background-image":"","background-repeat":"repeat","background-position":"center center","background-size":"auto","background-attachment":"scroll","background-type":"","background-media":"","overlay-type":"","overlay-color":"","overlay-opacity":"","overlay-gradient":""}},"ast-content-background-meta":{"desktop":{"background-color":"var(--ast-global-color-4)","background-image":"","background-repeat":"repeat","background-position":"center center","background-size":"auto","background-attachment":"scroll","background-type":"","background-media":"","overlay-type":"","overlay-color":"","overlay-opacity":"","overlay-gradient":""},"tablet":{"background-color":"var(--ast-global-color-4)","background-image":"","background-repeat":"repeat","background-position":"center center","background-size":"auto","background-attachment":"scroll","background-type":"","background-media":"","overlay-type":"","overlay-color":"","overlay-opacity":"","overlay-gradient":""},"mobile":{"background-color":"var(--ast-global-color-4)","background-image":"","background-repeat":"repeat","background-position":"center center","background-size":"auto","background-attachment":"scroll","background-type":"","background-media":"","overlay-type":"","overlay-color":"","overlay-opacity":"","overlay-gradient":""}},"footnotes":""},"class_list":["post-77","page","type-page","status-publish","hentry"],"uagb_featured_image_src":{"full":false,"thumbnail":false,"medium":false,"medium_large":false,"large":false,"1536x1536":false,"2048x2048":false},"uagb_author_info":{"display_name":"admin","author_link":"https:\/\/ottos.vlab.fi\/blog\/author\/admin\/"},"uagb_comment_info":0,"uagb_excerpt":"Perhekassi Sis\u00e4lt\u00e4\u00e4 kaiken mit\u00e4 tarvitset jotta voisit hyvin Resepti maukas perheateria Lorem ipsum dolor sit amet, consectetur adipiscing elit. Mauris [&hellip;]","_links":{"self":[{"href":"https:\/\/ottos.vlab.fi\/blog\/wp-json\/wp\/v2\/pages\/77","targetHints":{"allow":["GET"]}}],"collection":[{"href":"https:\/\/ottos.vlab.fi\/blog\/wp-json\/wp\/v2\/pages"}],"about":[{"href":"https:\/\/ottos.vlab.fi\/blog\/wp-json\/wp\/v2\/types\/page"}],"author":[{"embeddable":true,"href":"https:\/\/ottos.vlab.fi\/blog\/wp-json\/wp\/v2\/users\/1"}],"replies":[{"embeddable":true,"href":"https:\/\/ottos.vlab.fi\/blog\/wp-json\/wp\/v2\/comments?post=77"}],"version-history":[{"count":5,"href":"https:\/\/ottos.vlab.fi\/blog\/wp-json\/wp\/v2\/pages\/77\/revisions"}],"predecessor-version":[{"id":108,"href":"https:\/\/ottos.vlab.fi\/blog\/wp-json\/wp\/v2\/pages\/77\/revisions\/108"}],"wp:attachment":[{"href":"https:\/\/ottos.vlab.fi\/blog\/wp-json\/wp\/v2\/media?parent=77"}],"curies":[{"name":"wp","href":"https:\/\/api.w.org\/{rel}","templated":true}]}}